{"id":10378,"date":"2026-02-09T16:18:54","date_gmt":"2026-02-09T15:18:54","guid":{"rendered":"https:\/\/maltafiesta.com\/home-2\/"},"modified":"2026-03-11T02:01:56","modified_gmt":"2026-03-11T01:01:56","slug":"home","status":"publish","type":"page","link":"https:\/\/maltafiesta.com\/fr\/","title":{"rendered":"Accueil"},"content":{"rendered":"\u2728 PRENDS TES BILLETS POUR L&#8217;\u00c9T\u00c9 2026 \u2728\n\n\n\nNe manque pas les 3 ambiances iconiques de l&#8217;\u00e9t\u00e9 : la magie du <strong>Cafe del Mar<\/strong>, la folie de la <strong>Soir\u00e9e Mousse<\/strong>, et l&#8217;immense <strong>Official French Party<\/strong>. Ce sont les \u00e9v\u00e9nements sold-out qui font vibrer Malte.\n\n\ud83d\udcaf Approuv\u00e9 par plus de 3 500 f\u00eatards\n\n<h2 class=\"has-text-align-center wp-block-heading\">Pourquoi Choisir <span style=\"color: #FF5C00;\">Malta Fiesta ?<\/span><\/h2>\n\nTa source n\u00b01 pour un acc\u00e8s garanti. En tant que <strong>Partenaire Billetterie Officiel<\/strong> du Gianpula Village, du Caf\u00e9 del Mar et des meilleurs <strong>clubs de Paceville<\/strong>, je t&#8217;assure une entr\u00e9e s\u00fbre, s\u00e9curis\u00e9e et instantan\u00e9e.<br><br>\n<p style=\"font-size: 12px; color: #777; margin-bottom: 2rem;\">\u2b50\ufe0f\u2b50\ufe0f\u2b50\ufe0f\u2b50\ufe0f\u2b50\ufe0f Not\u00e9 4.9 sur Reviews.io &#038; Google<\/p><br>\n\n\n\n<h2 class=\"has-text-align-center wp-block-heading\">Partenaire <span style=\"color: #FF5C00;\">Officiel<\/span> des Clubs<\/h2>\n\n<h2 class=\"has-text-align-center wp-block-heading\">Les <span style=\"color: #FF5C00;\">Soir\u00e9es<\/span> les Plus Populaires<\/h2>\n\n\u2193\n\nPlus de 285 f\u00eatards nous ont attribu\u00e9 5 \u00e9toiles ! \u2b50\ufe0f\n\n<div class=\"wp-block-buttons is-layout-flex wp-block-buttons-is-layout-flex\"><div class=\"wp-block-button\"><a class=\"wp-block-button__link\">Voir les Soir\u00e9es<\/a><\/div><\/div>\n\n\n\n<h2 class=\"has-text-align-center wp-block-heading\">Les Meilleurs <span style=\"color: #FF5C00;\">Spots<\/span> de l&#8217;\u00cele<\/h2>\n\nSwipe pour d\u00e9couvrir o\u00f9 l&#8217;\u00eele prend vie\n\n\n\n<div class=\"wp-block-buttons is-layout-flex wp-block-buttons-is-layout-flex\"><div class=\"wp-block-button\"><a class=\"wp-block-button__link\">Voir Les Clubs<\/a><\/div><\/div>\n\n\u2192\n\n\n\n\n\n\n\n\n\n","protected":false},"excerpt":{"rendered":"<p>\u2728 PRENDS TES BILLETS POUR L&#8217;\u00c9T\u00c9 2026 \u2728 Ne manque pas les 3 ambiances iconiques de l&#8217;\u00e9t\u00e9 : la magie du Cafe del Mar, la folie de la Soir\u00e9e Mousse, et l&#8217;immense Official French Party. Ce sont les \u00e9v\u00e9nements sold-out qui font vibrer Malte. \ud83d\udcaf Approuv\u00e9 par plus de 3 500 f\u00eatards Pourquoi Choisir Malta [&hellip;]<\/p>\n","protected":false},"author":1,"featured_media":5857,"parent":0,"menu_order":0,"comment_status":"closed","ping_status":"closed","template":"","meta":{"_acf_changed":false,"footnotes":""},"folder":[],"class_list":["post-10378","page","type-page","status-publish","has-post-thumbnail","hentry"],"acf":[],"_links":{"self":[{"href":"https:\/\/maltafiesta.com\/fr\/wp-json\/wp\/v2\/pages\/10378","targetHints":{"allow":["GET"]}}],"collection":[{"href":"https:\/\/maltafiesta.com\/fr\/wp-json\/wp\/v2\/pages"}],"about":[{"href":"https:\/\/maltafiesta.com\/fr\/wp-json\/wp\/v2\/types\/page"}],"author":[{"embeddable":true,"href":"https:\/\/maltafiesta.com\/fr\/wp-json\/wp\/v2\/users\/1"}],"replies":[{"embeddable":true,"href":"https:\/\/maltafiesta.com\/fr\/wp-json\/wp\/v2\/comments?post=10378"}],"version-history":[{"count":29,"href":"https:\/\/maltafiesta.com\/fr\/wp-json\/wp\/v2\/pages\/10378\/revisions"}],"predecessor-version":[{"id":11758,"href":"https:\/\/maltafiesta.com\/fr\/wp-json\/wp\/v2\/pages\/10378\/revisions\/11758"}],"wp:featuredmedia":[{"embeddable":true,"href":"https:\/\/maltafiesta.com\/fr\/wp-json\/wp\/v2\/media\/5857"}],"wp:attachment":[{"href":"https:\/\/maltafiesta.com\/fr\/wp-json\/wp\/v2\/media?parent=10378"}],"wp:term":[{"taxonomy":"folder","embeddable":true,"href":"https:\/\/maltafiesta.com\/fr\/wp-json\/wp\/v2\/folder?post=10378"}],"curies":[{"name":"wp","href":"https:\/\/api.w.org\/{rel}","templated":true}]}}