{"id":9075,"date":"2025-06-17T02:41:44","date_gmt":"2025-06-17T00:41:44","guid":{"rendered":"https:\/\/maltafiesta.com\/malta-activities\/"},"modified":"2026-05-15T14:46:46","modified_gmt":"2026-05-15T12:46:46","slug":"activite-malte","status":"publish","type":"page","link":"https:\/\/maltafiesta.com\/fr\/activite-malte\/","title":{"rendered":"Activit\u00e9s &#038; Excursions"},"content":{"rendered":"<h1 class=\"has-text-align-center wp-block-heading\">Activit\u00e9 et Excursion \u00e0 Malte : Ton Guide 2026<\/h1>\n\nTu cherches la meilleure activit\u00e9 \u00e0 Malte ? D\u00e9couvre notre s\u00e9lection 2026 : location de jet ski, safari en quad, excursion en bateau au Blue Lagoon Malte bien plus encore.\n\n\n\n\n\n\n\n\n\n","protected":false},"excerpt":{"rendered":"<p>Activit\u00e9 et Excursion \u00e0 Malte : Ton Guide 2026 Tu cherches la meilleure activit\u00e9 \u00e0 Malte ? D\u00e9couvre notre s\u00e9lection 2026 : location de jet ski, safari en quad, excursion en bateau au Blue Lagoon Malte bien plus encore.<\/p>\n","protected":false},"author":1,"featured_media":5650,"parent":0,"menu_order":0,"comment_status":"closed","ping_status":"closed","template":"","meta":{"_acf_changed":false,"footnotes":""},"folder":[],"class_list":["post-9075","page","type-page","status-publish","has-post-thumbnail","hentry"],"acf":[],"_links":{"self":[{"href":"https:\/\/maltafiesta.com\/fr\/wp-json\/wp\/v2\/pages\/9075","targetHints":{"allow":["GET"]}}],"collection":[{"href":"https:\/\/maltafiesta.com\/fr\/wp-json\/wp\/v2\/pages"}],"about":[{"href":"https:\/\/maltafiesta.com\/fr\/wp-json\/wp\/v2\/types\/page"}],"author":[{"embeddable":true,"href":"https:\/\/maltafiesta.com\/fr\/wp-json\/wp\/v2\/users\/1"}],"replies":[{"embeddable":true,"href":"https:\/\/maltafiesta.com\/fr\/wp-json\/wp\/v2\/comments?post=9075"}],"version-history":[{"count":8,"href":"https:\/\/maltafiesta.com\/fr\/wp-json\/wp\/v2\/pages\/9075\/revisions"}],"predecessor-version":[{"id":14387,"href":"https:\/\/maltafiesta.com\/fr\/wp-json\/wp\/v2\/pages\/9075\/revisions\/14387"}],"wp:featuredmedia":[{"embeddable":true,"href":"https:\/\/maltafiesta.com\/fr\/wp-json\/wp\/v2\/media\/5650"}],"wp:attachment":[{"href":"https:\/\/maltafiesta.com\/fr\/wp-json\/wp\/v2\/media?parent=9075"}],"wp:term":[{"taxonomy":"folder","embeddable":true,"href":"https:\/\/maltafiesta.com\/fr\/wp-json\/wp\/v2\/folder?post=9075"}],"curies":[{"name":"wp","href":"https:\/\/api.w.org\/{rel}","templated":true}]}}