{"id":11832,"date":"2026-03-13T22:25:48","date_gmt":"2026-03-13T21:25:48","guid":{"rendered":"https:\/\/maltafiesta.com\/events\/non%20class\u00e9\/french-night-fever-twenty-two\/"},"modified":"2026-03-15T16:38:31","modified_gmt":"2026-03-15T15:38:31","slug":"french-night-fever-twenty-two","status":"publish","type":"product","link":"https:\/\/maltafiesta.com\/fr\/evenements\/twenty-two-malta\/french-night-fever-twenty-two\/","title":{"rendered":"French Night Fever \u2013 Twenty Two Malte"},"content":{"rendered":"<h2>French Night Fever au Twenty Two : La Soir\u00e9e Incontournable du Jeudi \u00e0 Malte<\/h2>\n<p>Plonge au c\u0153ur de la vie nocturne maltaise con la <strong>French Night Fever<\/strong>, l&#8217;\u00e9v\u00e9nement clubbing de r\u00e9f\u00e9rence chaque jeudi au <strong>Twenty Two Malta<\/strong>. Situ\u00e9 au sommet de l&#8217;iconique <strong>Portomaso Tower<\/strong> \u00e0 St Julian&#8217;s, ce club exclusif t&#8217;offre une vue panoramique \u00e0 360\u00b0 et une ambiance premium. Pr\u00e9pare-toi \u00e0 vivre une nuit \u00e9lectrique o\u00f9 l&#8217;\u00e9l\u00e9gance rencontre l&#8217;\u00e9nergie des meilleures soir\u00e9es \u00e0 la fran\u00e7aise. \ud83c\uddeb\ud83c\uddf7\ud83d\udd25<\/p>\n<p>&nbsp;<\/p>\n<h3>Une Exp\u00e9rience Clubbing Premium et Explosive<\/h3>\n<p>Organis\u00e9e par <strong>Events Lab<\/strong>, cette soir\u00e9e rassemble les f\u00eatards les plus exigeants de l&#8217;\u00eele. Fini le blabla, place \u00e0 l&#8217;action : un syst\u00e8me son ultra-puissant, une piste de danse bond\u00e9e et les meilleurs DJ pour te faire vibrer jusqu&#8217;\u00e0 l&#8217;aube. Avec une s\u00e9lection musicale pointue m\u00ealant <strong>hits fran\u00e7ais, rap FR et sons urbains internationaux<\/strong>, l&#8217;\u00e9nergie ne redescend jamais. C&#8217;est le rendez-vous parfait pour d\u00e9marrer ton week-end en beaut\u00e9 \u00e0 <strong>Paceville<\/strong>.<\/p>\n<p>&nbsp;<\/p>\n<h3>R\u00e9serve ton VIP au Twenty Two Malte<\/h3>\n<p>La <strong>French Night Fever<\/strong> est victime de son succ\u00e8s chaque semaine. Pour une exp\u00e9rience ultime, opte pour nos <strong>tables VIP<\/strong> avec service bouteille exclusif et profite de la soir\u00e9e avec un traitement de star. Les portes ouvrent \u00e0 23h00 et la derni\u00e8re entr\u00e9e est fix\u00e9e \u00e0 2h00. Ne prends pas le risque de rester en bas de l&#8217;ascenseur : s\u00e9curise ton billet en ligne d\u00e8s maintenant.<\/p>\n<p>&nbsp;<\/p>\n<h3>Pr\u00eat pour la meilleure soir\u00e9e de ton s\u00e9jour ?<\/h3>\n<p>Ne manque pas l&#8217;\u00e9v\u00e9nement dont tout le monde parle. \ud83d\udc49 <strong><a href=\"https:\/\/maltafiesta.com\/fr\/clubs\/twenty-two-malta\/\">D\u00e9couvre toute la programmation du Twenty Two Malta<\/a><\/strong><\/p>\n<h2>French Night Fever au Twenty Two : La Soir\u00e9e Incontournable du Jeudi \u00e0 Malte<\/h2>\n<p>Plonge au c\u0153ur de la vie nocturne maltaise con la <strong>French Night Fever<\/strong>, l&#8217;\u00e9v\u00e9nement clubbing de r\u00e9f\u00e9rence chaque jeudi au <strong>Twenty Two Malta<\/strong>. Situ\u00e9 au sommet de l&#8217;iconique <strong>Portomaso Tower<\/strong> \u00e0 St Julian&#8217;s, ce club exclusif t&#8217;offre une vue panoramique \u00e0 360\u00b0 et une ambiance premium. Pr\u00e9pare-toi \u00e0 vivre une nuit \u00e9lectrique o\u00f9 l&#8217;\u00e9l\u00e9gance rencontre l&#8217;\u00e9nergie des meilleures soir\u00e9es \u00e0 la fran\u00e7aise. \ud83c\uddeb\ud83c\uddf7\ud83d\udd25<\/p>\n<p>&nbsp;<\/p>\n<h3>Une Exp\u00e9rience Clubbing Premium et Explosive<\/h3>\n<p>Organis\u00e9e par <strong>Events Lab<\/strong>, cette soir\u00e9e rassemble les f\u00eatards les plus exigeants de l&#8217;\u00eele. Fini le blabla, place \u00e0 l&#8217;action : un syst\u00e8me son ultra-puissant, une piste de danse bond\u00e9e et les meilleurs DJ pour te faire vibrer jusqu&#8217;\u00e0 l&#8217;aube. Avec une s\u00e9lection musicale pointue m\u00ealant <strong>hits fran\u00e7ais, rap FR et sons urbains internationaux<\/strong>, l&#8217;\u00e9nergie ne redescend jamais. C&#8217;est le rendez-vous parfait pour d\u00e9marrer ton week-end en beaut\u00e9 \u00e0 <strong>Paceville<\/strong>.<\/p>\n<p>&nbsp;<\/p>\n<h3>R\u00e9serve ton VIP au Twenty Two Malte<\/h3>\n<p>La <strong>French Night Fever<\/strong> est victime de son succ\u00e8s chaque semaine. Pour une exp\u00e9rience ultime, opte pour nos <strong>tables VIP<\/strong> avec service bouteille exclusif et profite de la soir\u00e9e avec un traitement de star. Les portes ouvrent \u00e0 23h00 et la derni\u00e8re entr\u00e9e est fix\u00e9e \u00e0 2h00. Ne prends pas le risque de rester en bas de l&#8217;ascenseur : s\u00e9curise ton billet en ligne d\u00e8s maintenant.<\/p>\n<p>&nbsp;<\/p>\n<h3>Pr\u00eat pour la meilleure soir\u00e9e de ton s\u00e9jour ?<\/h3>\n<p>Ne manque pas l&#8217;\u00e9v\u00e9nement dont tout le monde parle. \ud83d\udc49 <strong><a href=\"https:\/\/maltafiesta.com\/fr\/clubs\/twenty-two-malta\/\">D\u00e9couvre toute la programmation du Twenty Two Malta<\/a><\/strong><\/p>\n","protected":false},"excerpt":{"rendered":"<p><strong>French Night Fever\ud83d\udd25<\/strong>La soir\u00e9e incontournable du jeudi soir \u00e0 Malte ! Rejoins le <strong>Twenty Two<\/strong> au 22\u00e8me \u00e9tage de la Portomaso Tower pour une nuit clubbing premium avec le meilleur des hits fran\u00e7ais et urbains. 23h00 &#8211; 4h00 \ud83d\udeaa Derni\u00e8re entr\u00e9e : 2h00<\/p>\n","protected":false},"featured_media":11572,"comment_status":"open","ping_status":"closed","template":"","meta":{"_acf_changed":false},"product_brand":[],"product_cat":[105],"product_tag":[],"party-type":[151],"music-style":[155,156,159,161,165],"class_list":{"0":"post-11832","1":"product","2":"type-product","3":"status-publish","4":"has-post-thumbnail","6":"product_cat-twenty-two-malta","7":"party-type-rooftop","8":"music-style-afro","9":"music-style-commerciale","10":"music-style-francaise","11":"music-style-hip-hop","12":"music-style-internationale","14":"first","15":"instock","16":"shipping-taxable","17":"product-type-external"},"acf":[],"_links":{"self":[{"href":"https:\/\/maltafiesta.com\/fr\/wp-json\/wp\/v2\/product\/11832","targetHints":{"allow":["GET"]}}],"collection":[{"href":"https:\/\/maltafiesta.com\/fr\/wp-json\/wp\/v2\/product"}],"about":[{"href":"https:\/\/maltafiesta.com\/fr\/wp-json\/wp\/v2\/types\/product"}],"replies":[{"embeddable":true,"href":"https:\/\/maltafiesta.com\/fr\/wp-json\/wp\/v2\/comments?post=11832"}],"wp:featuredmedia":[{"embeddable":true,"href":"https:\/\/maltafiesta.com\/fr\/wp-json\/wp\/v2\/media\/11572"}],"wp:attachment":[{"href":"https:\/\/maltafiesta.com\/fr\/wp-json\/wp\/v2\/media?parent=11832"}],"wp:term":[{"taxonomy":"product_brand","embeddable":true,"href":"https:\/\/maltafiesta.com\/fr\/wp-json\/wp\/v2\/product_brand?post=11832"},{"taxonomy":"product_cat","embeddable":true,"href":"https:\/\/maltafiesta.com\/fr\/wp-json\/wp\/v2\/product_cat?post=11832"},{"taxonomy":"product_tag","embeddable":true,"href":"https:\/\/maltafiesta.com\/fr\/wp-json\/wp\/v2\/product_tag?post=11832"},{"taxonomy":"party-type","embeddable":true,"href":"https:\/\/maltafiesta.com\/fr\/wp-json\/wp\/v2\/party-type?post=11832"},{"taxonomy":"music-style","embeddable":true,"href":"https:\/\/maltafiesta.com\/fr\/wp-json\/wp\/v2\/music-style?post=11832"}],"curies":[{"name":"wp","href":"https:\/\/api.w.org\/{rel}","templated":true}]}}