{"id":13352,"date":"2026-04-17T17:14:21","date_gmt":"2026-04-17T15:14:21","guid":{"rendered":"https:\/\/maltafiesta.com\/events\/non%20class\u00e9\/white-pool-party-toy-room-beach-club\/"},"modified":"2026-04-17T18:20:51","modified_gmt":"2026-04-17T16:20:51","slug":"white-pool-party-toy-room-beach-club","status":"publish","type":"product","link":"https:\/\/maltafiesta.com\/fr\/evenements\/toy-room-beach-club-malta\/white-pool-party-toy-room-beach-club\/","title":{"rendered":"White Pool Party \u2013 Toy Room Beach Club Malte"},"content":{"rendered":"<h2>L&#8217;Ultime Rituel du Mercredi : White Pool Party au Toy Room Beach Club Malta<\/h2>\n<p>La plupart des mercredis sont ordinaires. Au <strong>Toy Room Beach Club Malta<\/strong>, les mercredis sont l\u00e9gendaires. La <strong>White Pool Party<\/strong> est l&#8217;\u00e9v\u00e9nement de jour le plus spectaculaire de l&#8217;\u00eele, m\u00e9langeant parfaitement l&#8217;esth\u00e9tique chic du &#8220;All White&#8221; avec l&#8217;\u00e9nergie brute et d\u00e9brid\u00e9e d&#8217;un beach club premium. D\u00e8s 11h, l&#8217;ensemble du complexe se transforme en un oc\u00e9an de blanc contrastant avec le bleu \u00e9clatant de la M\u00e9diterran\u00e9e. C&#8217;est un voyage de 9 heures fait d&#8217;\u00e9l\u00e9gance, de d\u00e9mesure et de divertissement de classe mondiale directement sur le Tign\u00e9 Seafront. Pendant que d&#8217;autres se r\u00e9veillent \u00e0 peine, tu plonges d\u00e9j\u00e0 dans l&#8217;exp\u00e9rience de jour la plus exclusive de Malte.<\/p>\n<p>&nbsp;<\/p>\n<h2>L&#8217;Exp\u00e9rience &#8220;All White&#8221; : Un Chef-d&#8217;\u0153uvre Visuel<\/h2>\n<p>Pourquoi un dress code blanc strict ? Parce que cela change tout. Quand 1 000 f\u00eatards adoptent le th\u00e8me All-White, l&#8217;atmosph\u00e8re s&#8217;\u00e9l\u00e8ve instantan\u00e9ment. On s&#8217;y sent privil\u00e9gi\u00e9, dans une ambiance premium et incroyablement photog\u00e9nique. Tu ne fais pas qu&#8217;assister \u00e0 une f\u00eate ; tu deviens une partie de l&#8217;esth\u00e9tique. Que tu sois pr\u00e9lass\u00e9 sur un lit VIP avec une bouteille de champagne ou en train de danser dans la piscine, la <strong>White Pool Party au Toy Room Beach Club Malta<\/strong> offre cette parfaite vibe de clubbing de jour fa\u00e7on Ibiza, en plein c\u0153ur de Sliema. Le contraste des tenues d&#8217;un blanc immacul\u00e9 avec la piscine baign\u00e9e de soleil est une chose qu&#8217;il faut voir pour y croire.<\/p>\n<p>&nbsp;<\/p>\n<h2>Ce qui t&#8217;attend \u00e0 la White Party \u2014 Toy Room Beach Club Malta<\/h2>\n<p>La transition entre une matin\u00e9e relaxante au soleil et un apr\u00e8s-midi de folie se fait naturellement. Voici ce qui rend cette day pool party du mercredi absolument incontournable :<\/p>\n<ul>\n<li>\ud83c\udfa7 <strong>Voyage Musical Sur Mesure<\/strong> : 9 heures de beats ininterrompus, commen\u00e7ant par des vibes chill house m\u00e9lodiques pour monter crescendo vers des hymnes club et commerciaux \u00e0 l&#8217;approche du coucher du soleil.<\/li>\n<li>\ud83e\udd0d <strong>Le Dress Code All-White Strict<\/strong> : Une esth\u00e9tique obligatoire qui unifie la foule et cr\u00e9e le dancefloor le plus styl\u00e9 de Malte.<\/li>\n<li>\ud83d\udc3b <strong>Frank l&#8217;Ours<\/strong> : La mascotte embl\u00e9matique du Toy Room ne rate jamais un mercredi, apportant son chaos organis\u00e9 signature et des moments parfaits pour les photos au bord de la piscine.<\/li>\n<li>\ud83d\udc83 <strong>Performers et Danseurs<\/strong> : Des artistes professionnels qui font grimper l&#8217;\u00e9nergie tout au long de l&#8217;apr\u00e8s-midi.<\/li>\n<li>\ud83c\udf7e <strong>Service VIP Premium<\/strong> : Service d\u00e9di\u00e9 pour les bouteilles, lits VIP ultra-confortables et tables VVIP pour ceux qui veulent vivre la f\u00eate comme des rois.<\/li>\n<\/ul>\n<p>&nbsp;<\/p>\n<h2>Pour qui est faite la White Party du Toy Room Beach Club ?<\/h2>\n<p>Cet \u00e9v\u00e9nement attire une foule branch\u00e9e et pleine d&#8217;\u00e9nergie. C&#8217;est la destination ultime pour les groupes en vacances, les c\u00e9l\u00e9brations d&#8217;anniversaire et les voyageurs \u00e0 la recherche d&#8217;une exp\u00e9rience de jour haut de gamme sans pr\u00e9tention. Si tu veux enfiler ton plus beau maillot blanc, siroter des cocktails signature et danser sous le soleil sans attendre minuit, c&#8217;est ton spot. Arrive t\u00f4t pour s\u00e9curiser ta place, et laisse cette journ\u00e9e de 11h \u00e0 20h devenir le meilleur moment de tes vacances, tout en te laissant la soir\u00e9e totalement libre.<\/p>\n<p>&nbsp;<\/p>\n<h2>S\u00e9curise ta place en blanc<\/h2>\n<p>Ne manque pas la day party la plus \u00e9l\u00e9gante de la semaine. \ud83d\udc49 <strong><a href=\"https:\/\/maltafiesta.com\/fr\/clubs\/toy-room-beach-club-malta\/\">Voir tous les \u00e9v\u00e9nements au Toy Room Beach Club Malta<\/a><\/strong><\/p>\n","protected":false},"excerpt":{"rendered":"<p><strong>Le rendez-vous le plus styl\u00e9 de tes mercredis \u2014 de 11h \u00e0 20h.<\/strong> Rejoins la <strong>White Pool Party<\/strong> au <strong>Toy Room Beach Club Malta<\/strong>. Imagine : un dress code tout en blanc strict, une piscine scintillante refl\u00e9tant le soleil m\u00e9diterran\u00e9en et le meilleur du son clubbing. Sors ta plus belle tenue, Frank t&#8217;attend pour transformer un apr\u00e8s-midi chic en une journ\u00e9e 100% \u00e9l\u00e9gante et sauvage. \ud83e\udd0d\ud83c\udf0a<\/p>\n","protected":false},"featured_media":13340,"comment_status":"open","ping_status":"closed","template":"","meta":{"_acf_changed":false},"product_brand":[],"product_cat":[103],"product_tag":[],"party-type":[143,148,152],"music-style":[155,156,161,162,165,168],"class_list":{"0":"post-13352","1":"product","2":"type-product","3":"status-publish","4":"has-post-thumbnail","6":"product_cat-toy-room-beach-club-malta","7":"party-type-beach-club","8":"party-type-pool-party","9":"party-type-white-party","10":"music-style-afro","11":"music-style-commerciale","12":"music-style-hip-hop","13":"music-style-house","14":"music-style-internationale","15":"music-style-reggaeton","17":"first","18":"instock","19":"shipping-taxable","20":"product-type-external"},"acf":[],"_links":{"self":[{"href":"https:\/\/maltafiesta.com\/fr\/wp-json\/wp\/v2\/product\/13352","targetHints":{"allow":["GET"]}}],"collection":[{"href":"https:\/\/maltafiesta.com\/fr\/wp-json\/wp\/v2\/product"}],"about":[{"href":"https:\/\/maltafiesta.com\/fr\/wp-json\/wp\/v2\/types\/product"}],"replies":[{"embeddable":true,"href":"https:\/\/maltafiesta.com\/fr\/wp-json\/wp\/v2\/comments?post=13352"}],"wp:featuredmedia":[{"embeddable":true,"href":"https:\/\/maltafiesta.com\/fr\/wp-json\/wp\/v2\/media\/13340"}],"wp:attachment":[{"href":"https:\/\/maltafiesta.com\/fr\/wp-json\/wp\/v2\/media?parent=13352"}],"wp:term":[{"taxonomy":"product_brand","embeddable":true,"href":"https:\/\/maltafiesta.com\/fr\/wp-json\/wp\/v2\/product_brand?post=13352"},{"taxonomy":"product_cat","embeddable":true,"href":"https:\/\/maltafiesta.com\/fr\/wp-json\/wp\/v2\/product_cat?post=13352"},{"taxonomy":"product_tag","embeddable":true,"href":"https:\/\/maltafiesta.com\/fr\/wp-json\/wp\/v2\/product_tag?post=13352"},{"taxonomy":"party-type","embeddable":true,"href":"https:\/\/maltafiesta.com\/fr\/wp-json\/wp\/v2\/party-type?post=13352"},{"taxonomy":"music-style","embeddable":true,"href":"https:\/\/maltafiesta.com\/fr\/wp-json\/wp\/v2\/music-style?post=13352"}],"curies":[{"name":"wp","href":"https:\/\/api.w.org\/{rel}","templated":true}]}}