{"id":14165,"date":"2026-05-11T19:29:34","date_gmt":"2026-05-11T17:29:34","guid":{"rendered":"https:\/\/maltafiesta.com\/events\/non%20class\u00e9\/starlight-twenty-two\/"},"modified":"2026-05-11T19:41:47","modified_gmt":"2026-05-11T17:41:47","slug":"starlight-twenty-two","status":"publish","type":"product","link":"https:\/\/maltafiesta.com\/fr\/evenements\/twenty-two-malta\/starlight-twenty-two\/","title":{"rendered":"Starlight \u2013 Twenty Two Malte"},"content":{"rendered":"<h2>Starlight au Twenty Two Malte : L&#8217;Ultime Samedi Soir<\/h2>\n<p>\u00c9levez votre samedi soir \u00e0 des sommets in\u00e9dits. <strong>Starlight au Twenty Two Malte<\/strong> est l&#8217;\u00e9v\u00e9nement hebdomadaire le plus attendu de l&#8217;\u00eele, ayant lieu chaque samedi tout en haut de l&#8217;embl\u00e9matique Portomaso Tower. Entrez dans un univers au d\u00e9cor opulent et \u00e0 l&#8217;ambiance glamour, o\u00f9 le 22\u00e8me \u00e9tage se transforme en une destination nocturne \u00e9lectrisante. Dansez au-dessus des nuages pendant que l&#8217;\u00eele enti\u00e8re de Malte scintille sous vos pieds.<\/p>\n<p>&nbsp;<\/p>\n<h2>Deep House, Cocktails Signature &amp; Atmosph\u00e8re Magique \u2728<\/h2>\n<p>Au programme ? Un line-up de DJs exceptionnels mixant le meilleur de la deep house, des classiques de club et des rythmes modernes. Pendant que la musique vous emporte, nos mixologues vous pr\u00e9parent des cocktails signature cr\u00e9\u00e9s sp\u00e9cialement pour l&#8217;occasion. Mais ce qui rend <strong>Starlight<\/strong> vraiment unique, c&#8217;est son public. Notre ratio exclusif de 50-50 garantit une atmosph\u00e8re raffin\u00e9e et vibrante, r\u00e9unissant le meilleur de la haute soci\u00e9t\u00e9 et l&#8217;\u00e9lite des f\u00eatards. L&#8217;\u00e9quilibre parfait pour un samedi soir r\u00e9ussi.<\/p>\n<p>&nbsp;<\/p>\n<h2>Le Sommet du Clubbing VIP<\/h2>\n<p>Pour ceux qui veulent sublimer leur nuit, l&#8217;exp\u00e9rience VIP au <strong>Twenty Two Malte<\/strong> est in\u00e9gal\u00e9e. R\u00e9server une table VIP vous place au c\u0153ur de l&#8217;action avec un service de bouteilles premium et un acc\u00e8s privil\u00e9gi\u00e9. Ajoutez \u00e0 cela notre dress code \u00c9l\u00e9gant &amp; Classy \u2013 pensez luxe, pensez intemporel \u2013 et vous obtenez la recette absolue d&#8217;une c\u00e9l\u00e9bration inoubliable.<\/p>\n<p>&nbsp;<\/p>\n<h2>Pr\u00eat \u00e0 toucher les \u00e9toiles ?<\/h2>\n<p>Dominez la nuit depuis le plus haut sommet de l&#8217;\u00eele. \ud83d\udc49 <strong><a href=\"https:\/\/maltafiesta.com\/fr\/clubs\/twenty-two-malta\/\">D\u00e9couvrir l&#8217;univers du Twenty Two Malte<\/a><\/strong><\/p>\n","protected":false},"excerpt":{"rendered":"<p><strong>La soir\u00e9e incontournable du samedi \u00e0 St Julian&#8217;s.<\/strong> \u00c9levez votre week-end avec <strong>Starlight au Twenty Two Malte<\/strong>. Vue \u00e0 360\u00b0, rythmes deep house et notre ratio exclusif 50-50 garantissant une atmosph\u00e8re vibrante. La f\u00eate la plus chic et branch\u00e9e de l&#8217;\u00eele ! \u2728<\/p>\n","protected":false},"featured_media":6208,"comment_status":"open","ping_status":"closed","template":"","meta":{"_acf_changed":false},"product_brand":[],"product_cat":[105],"product_tag":[],"party-type":[242,243,244],"music-style":[245],"class_list":{"0":"post-14165","1":"product","2":"type-product","3":"status-publish","4":"has-post-thumbnail","6":"product_cat-twenty-two-malta","7":"party-type-commercial","8":"party-type-house","9":"party-type-international","10":"music-style-rooftop","12":"first","13":"instock","14":"shipping-taxable","15":"product-type-external"},"acf":[],"_links":{"self":[{"href":"https:\/\/maltafiesta.com\/fr\/wp-json\/wp\/v2\/product\/14165","targetHints":{"allow":["GET"]}}],"collection":[{"href":"https:\/\/maltafiesta.com\/fr\/wp-json\/wp\/v2\/product"}],"about":[{"href":"https:\/\/maltafiesta.com\/fr\/wp-json\/wp\/v2\/types\/product"}],"replies":[{"embeddable":true,"href":"https:\/\/maltafiesta.com\/fr\/wp-json\/wp\/v2\/comments?post=14165"}],"wp:featuredmedia":[{"embeddable":true,"href":"https:\/\/maltafiesta.com\/fr\/wp-json\/wp\/v2\/media\/6208"}],"wp:attachment":[{"href":"https:\/\/maltafiesta.com\/fr\/wp-json\/wp\/v2\/media?parent=14165"}],"wp:term":[{"taxonomy":"product_brand","embeddable":true,"href":"https:\/\/maltafiesta.com\/fr\/wp-json\/wp\/v2\/product_brand?post=14165"},{"taxonomy":"product_cat","embeddable":true,"href":"https:\/\/maltafiesta.com\/fr\/wp-json\/wp\/v2\/product_cat?post=14165"},{"taxonomy":"product_tag","embeddable":true,"href":"https:\/\/maltafiesta.com\/fr\/wp-json\/wp\/v2\/product_tag?post=14165"},{"taxonomy":"party-type","embeddable":true,"href":"https:\/\/maltafiesta.com\/fr\/wp-json\/wp\/v2\/party-type?post=14165"},{"taxonomy":"music-style","embeddable":true,"href":"https:\/\/maltafiesta.com\/fr\/wp-json\/wp\/v2\/music-style?post=14165"}],"curies":[{"name":"wp","href":"https:\/\/api.w.org\/{rel}","templated":true}]}}