{"id":11378,"date":"2026-03-06T17:40:40","date_gmt":"2026-03-06T16:40:40","guid":{"rendered":"https:\/\/maltafiesta.com\/events\/senza-categoria\/pool-party-flo-skypool\/"},"modified":"2026-03-17T18:38:54","modified_gmt":"2026-03-17T17:38:54","slug":"pool-party-flo-skypool","status":"publish","type":"product","link":"https:\/\/maltafiesta.com\/it\/eventi\/flo-skypool-malta\/pool-party-flo-skypool\/","title":{"rendered":"Pool Party &#8211; Flo Skypool Malta"},"content":{"rendered":"<h2>Flo Skypool Malta: Il Rooftop Pool Party &amp; Pre-Serata Imperdibile<\/h2>\n<p>Situato strategicamente sopra l&#8217;effervescenza di <strong>Paceville<\/strong>, <strong>Flo Skypool Malta<\/strong> \u00e8 il punto di partenza ideale per le tue serate sull&#8217;isola. Pi\u00f9 di una semplice piscina, \u00e8 il Pre-Serata<strong>\u00a0Pool Party<\/strong> per eccellenza. Qui si viene dal tardo pomeriggio per l&#8217;aperitivo, per rilassarsi in acqua e godersi un panorama incredibile su <strong>St Julian\u2019s<\/strong> mentre il sole inizia a tramontare. \u00c8 il luogo dove il giorno si trasforma in notte al ritmo dei migliori suoni House e commerciali.<\/p>\n<p>&nbsp;<\/p>\n<h3>La tappa n. 1 prima di scendere nei club<\/h3>\n<p>Perch\u00e9 tutti si ritrovano a <strong>Flo Skypool<\/strong>? Perch\u00e9 \u00e8 lo spot perfetto per &#8220;scaldarsi&#8221; prima di scendere nei club vicini. L&#8217;atmosfera \u00e8 giovane, internazionale e ultra-sociale. \u00c8 il posto ideale per incontrare gente davanti a un cocktail, immergersi nelle <strong>Pool Vibes<\/strong> e caricarsi gradualmente di energia. Quello che inizia come un momento de relax a bordo piscina diventa rapidamente una festa sopra la citt\u00e0, rendendo Flo Skypool il quartier generale per i gruppi di amici a inizio serata.<\/p>\n<p>&nbsp;<\/p>\n<h3>Tariffe Evolutive: Blocca il tuo Before al miglior prezzo<\/h3>\n<p>Data la sua posizione centrale e la reputazione di &#8220;Before n. 1&#8221;, i posti alla <strong>Flo Skypool Party<\/strong> sono estremamente ambiti. La biglietteria utilizza un sistema di prezzi dinamici: le tariffe aumentano non appena le prime quote vengono esaurite. Prenotando ora, ti assicuri l&#8217;ingresso al <strong>miglior prezzo<\/strong> e garantisci il tuo posto per l&#8217;aperitivo pi\u00f9 alto di Malta. Non rischiare di arrivare quando \u00e8 gi\u00e0 tutto esaurito!<\/p>\n<p>&nbsp;<\/p>\n<h3>Vivi l&#8217;aperitivo pi\u00f9 cool di Paceville<\/h3>\n<p>Inizia la tua serata nel rooftop pi\u00f9 centrale di St Julian&#8217;s. \ud83d\udc49 <strong><a href=\"https:\/\/maltafiesta.com\/it\/clubs\/flo-skypool-malta\/\">Vedi tutti gli eventi in programma al Flo Skypool Malta<\/a><\/strong><\/p>\n","protected":false},"excerpt":{"rendered":"<p><strong>Il Pre-Serata n. 1 di Paceville.<\/strong> Inizia la tua notte in cima con la <strong>Flo Skypool Party<\/strong>. Lo spot ultimo per l&#8217;aperitivo: piscina, DJ House\/Commercial e vista mozzafiato sui club dove finirai la serata. \ud83c\udf05\ud83c\udf79\ud83c\udfca\u200d\u2642\ufe0f<\/p>\n","protected":false},"featured_media":6212,"comment_status":"open","ping_status":"closed","template":"","meta":{"_acf_changed":false},"product_brand":[],"product_cat":[93],"product_tag":[],"party-type":[149,150],"music-style":[180,181,185,187],"class_list":{"0":"post-11378","1":"product","2":"type-product","3":"status-publish","4":"has-post-thumbnail","6":"product_cat-flo-skypool-malta","7":"party-type-pool-party","8":"party-type-rooftop","9":"music-style-afro","10":"music-style-commerciali","11":"music-style-internazionale","12":"music-style-reggaeton","14":"first","15":"instock","16":"shipping-taxable","17":"product-type-external"},"acf":[],"_links":{"self":[{"href":"https:\/\/maltafiesta.com\/it\/wp-json\/wp\/v2\/product\/11378","targetHints":{"allow":["GET"]}}],"collection":[{"href":"https:\/\/maltafiesta.com\/it\/wp-json\/wp\/v2\/product"}],"about":[{"href":"https:\/\/maltafiesta.com\/it\/wp-json\/wp\/v2\/types\/product"}],"replies":[{"embeddable":true,"href":"https:\/\/maltafiesta.com\/it\/wp-json\/wp\/v2\/comments?post=11378"}],"wp:featuredmedia":[{"embeddable":true,"href":"https:\/\/maltafiesta.com\/it\/wp-json\/wp\/v2\/media\/6212"}],"wp:attachment":[{"href":"https:\/\/maltafiesta.com\/it\/wp-json\/wp\/v2\/media?parent=11378"}],"wp:term":[{"taxonomy":"product_brand","embeddable":true,"href":"https:\/\/maltafiesta.com\/it\/wp-json\/wp\/v2\/product_brand?post=11378"},{"taxonomy":"product_cat","embeddable":true,"href":"https:\/\/maltafiesta.com\/it\/wp-json\/wp\/v2\/product_cat?post=11378"},{"taxonomy":"product_tag","embeddable":true,"href":"https:\/\/maltafiesta.com\/it\/wp-json\/wp\/v2\/product_tag?post=11378"},{"taxonomy":"party-type","embeddable":true,"href":"https:\/\/maltafiesta.com\/it\/wp-json\/wp\/v2\/party-type?post=11378"},{"taxonomy":"music-style","embeddable":true,"href":"https:\/\/maltafiesta.com\/it\/wp-json\/wp\/v2\/music-style?post=11378"}],"curies":[{"name":"wp","href":"https:\/\/api.w.org\/{rel}","templated":true}]}}