{"id":11974,"date":"2026-03-18T20:05:01","date_gmt":"2026-03-18T19:05:01","guid":{"rendered":"https:\/\/maltafiesta.com\/?post_type=product&#038;p=11974"},"modified":"2026-03-20T16:13:46","modified_gmt":"2026-03-20T15:13:46","slug":"glow-toy-room","status":"publish","type":"product","link":"https:\/\/maltafiesta.com\/it\/eventi\/toy-room-malta\/glow-toy-room\/","title":{"rendered":"GLOW \u2013 Toy Room Malta"},"content":{"rendered":"<h2>Immergiti nell&#8217;universo fluorescente di GLOW al Toy Room Malta<\/h2>\n<p>Ogni mercoled\u00ec, il <strong>Toy Room Malta<\/strong> si illumina per la <strong>GLOW N\u00e9on Party<\/strong>. \u00c8 l&#8217;evento che elettrizza il met\u00e0 settimana a Paceville. Immagina un club immerso nella luce nera dove tutto diventa fluorescente: dalle decorazioni ai cocktail, fino al pubblico. L&#8217;atmosfera \u00e8 ultra-dinamica, portata da una folla internazionale venuta per brillare sotto i riflettori. \u00c8 la serata ideale per chi desidera un&#8217;esperienza visiva unica e un&#8217;energia travolgente in pista.<\/p>\n<p>&nbsp;<\/p>\n<h3>Una Serata Immersiva: Accessori, Pittura e Beat \ud83d\udd25<\/h3>\n<p>La <strong>GLOW Party<\/strong> \u00e8 molto pi\u00f9 di una semplice serata in discoteca. Fin dall&#8217;ingresso, l&#8217;atmosfera ti trasporta in un mondo di colori vibranti. Incoraggiamo tutti a stare al gioco: trucco neon, braccialetti fluorescenti e outfit bianchi per risaltare sotto le luci UV. I nostri DJ resident assicurano lo show con i migliori <strong>successi commerciali e dance anthem<\/strong>, garantendo che nessuno resti seduto. \u00c8 l&#8217;appuntamento &#8220;Good Vibes&#8221; per eccellenza per fare nuove conoscenze e ballare fino al mattino.<\/p>\n<p>&nbsp;<\/p>\n<h3>Perch\u00e9 GLOW \u00e8 l&#8217;appuntamento imperdibile del mercoled\u00ec<\/h3>\n<p>Il <strong>Toy Room Malta<\/strong> offre la cornice perfetta per questa esplosione de colori con il suo impianto audio all&#8217;avanguardia e i suoi giochi di luce immersivi. <strong>GLOW<\/strong> \u00e8 diventata un&#8217;istituzione per turisti e locali che cercano di rompere la routine settimanale. I posti vanno a ruba perch\u00e9 \u00e8 una delle serate pi\u00f9 popolari dell&#8217;estate. Prenotare il tuo biglietto significa assicurarti di far parte della notte pi\u00f9 luminosa dell&#8217;isola.<\/p>\n<p>&nbsp;<\/p>\n<h3>Esplora tutta la magia del Toy Room<\/h3>\n<p>La GLOW Party \u00e8 solo un assaggio della follia del Toy Room. Ogni sera della settimana, scopri un nuovo tema e una nuova atmosfera. \ud83d\udc49 <strong><a href=\"https:\/\/maltafiesta.com\/it\/clubs\/toy-room-malta\/\">Scopri l&#8217;agenda del Toy Room<\/a><\/strong><\/p>\n","protected":false},"excerpt":{"rendered":"<p><strong>Illumina la tua notte a Paceville!<\/strong> La <strong>N\u00e9on Party GLOW<\/strong> trasforma il Toy Room in un universo fluorescente ogni mercoled\u00ec. Trucco neon, accessori brillanti e hit commerciali per una notte elettrica. Brilla fino all&#8217;alba! \u26a1\ud83c\udfa8<\/p>\n","protected":false},"featured_media":6293,"comment_status":"open","ping_status":"closed","template":"","meta":{"_acf_changed":false},"product_brand":[],"product_cat":[85],"product_tag":[],"party-type":[146],"music-style":[181,185],"class_list":{"0":"post-11974","1":"product","2":"type-product","3":"status-publish","4":"has-post-thumbnail","6":"product_cat-toy-room-malta","7":"party-type-live-show","8":"music-style-commerciali","9":"music-style-internazionale","11":"first","12":"instock","13":"shipping-taxable","14":"product-type-external"},"acf":[],"_links":{"self":[{"href":"https:\/\/maltafiesta.com\/it\/wp-json\/wp\/v2\/product\/11974","targetHints":{"allow":["GET"]}}],"collection":[{"href":"https:\/\/maltafiesta.com\/it\/wp-json\/wp\/v2\/product"}],"about":[{"href":"https:\/\/maltafiesta.com\/it\/wp-json\/wp\/v2\/types\/product"}],"replies":[{"embeddable":true,"href":"https:\/\/maltafiesta.com\/it\/wp-json\/wp\/v2\/comments?post=11974"}],"wp:featuredmedia":[{"embeddable":true,"href":"https:\/\/maltafiesta.com\/it\/wp-json\/wp\/v2\/media\/6293"}],"wp:attachment":[{"href":"https:\/\/maltafiesta.com\/it\/wp-json\/wp\/v2\/media?parent=11974"}],"wp:term":[{"taxonomy":"product_brand","embeddable":true,"href":"https:\/\/maltafiesta.com\/it\/wp-json\/wp\/v2\/product_brand?post=11974"},{"taxonomy":"product_cat","embeddable":true,"href":"https:\/\/maltafiesta.com\/it\/wp-json\/wp\/v2\/product_cat?post=11974"},{"taxonomy":"product_tag","embeddable":true,"href":"https:\/\/maltafiesta.com\/it\/wp-json\/wp\/v2\/product_tag?post=11974"},{"taxonomy":"party-type","embeddable":true,"href":"https:\/\/maltafiesta.com\/it\/wp-json\/wp\/v2\/party-type?post=11974"},{"taxonomy":"music-style","embeddable":true,"href":"https:\/\/maltafiesta.com\/it\/wp-json\/wp\/v2\/music-style?post=11974"}],"curies":[{"name":"wp","href":"https:\/\/api.w.org\/{rel}","templated":true}]}}