{"id":11976,"date":"2026-03-18T20:05:21","date_gmt":"2026-03-18T19:05:21","guid":{"rendered":"https:\/\/maltafiesta.com\/?post_type=product&#038;p=11976"},"modified":"2026-03-20T16:13:46","modified_gmt":"2026-03-20T15:13:46","slug":"dolce-vita-toy-room","status":"publish","type":"product","link":"https:\/\/maltafiesta.com\/it\/eventi\/toy-room-malta\/dolce-vita-toy-room\/","title":{"rendered":"Dolce Vita \u2013 Toy Room Malta"},"content":{"rendered":"<h2>Benvenuti alla Dolce Vita al Toy Room Malta: Il Luned\u00ec \u00e8 Italiano!<\/h2>\n<p>Chi ha detto che il luned\u00ec \u00e8 una giornata tranquilla? Al <strong>Toy Room Malta<\/strong> lanciamo la settimana con la <strong>Dolce Vita<\/strong>, l&#8217;unica <strong>serata italiana<\/strong> di Paceville. Qui non si scende a compromessi: 100% musica italiana, dai classici intramontabili alle ultime hit che fanno ballare lo Stivale. Preparati per una notte di passione, ritmi elettrizzanti e un&#8217;atmosfera che incarna perfettamente l&#8217;essenza dell&#8217;Italia. \u00c8 la serata pi\u00f9 vivace e calorosa per iniziare la settimana in bellezza.<\/p>\n<p>&nbsp;<\/p>\n<h3>Vivi l&#8217;Energia 100% Musica Italiana \ud83e\udd0c<\/h3>\n<p>La <strong>Dolce Vita<\/strong> attira una folla incredibile che viene per cantare e ballare sulle tracce pi\u00f9 calde del momento. Tra mani al cielo, ritornelli cantati in coro e cocktail d&#8217;autore, il <strong>Toy Room<\/strong> si trasforma in un club di Milano o Roma nel cuore di <strong>St Julian\u2019s<\/strong>. Che tu sia italiano o fan di questa energia solare, non puoi perdere questa celebrazione del lifestyle mediterraneo. \u00c8 chic, \u00e8 rumoroso ed \u00e8 totalmente additivo.<\/p>\n<p>&nbsp;<\/p>\n<h3>Tariffe Evolutive: Prenota il tuo Luned\u00ec Leggendario<\/h3>\n<p>La serata <strong>Dolce Vita<\/strong> \u00e8 vittima del suo successo ogni settimana. Usiamo un sistema di biglietteria dinamica: i biglietti &#8220;Early Bird&#8221; sono i pi\u00f9 economici, ma i prezzi aumentano man mano che la serata si riempie. Prenotando ora le tue prevendite, ti assicuri l&#8217;ingresso prioritario alla <strong>miglior tariffa<\/strong>. Non essere quello che fa la fila inutilmente: unisciti alla cerchia degli insider della <strong>Serata Italiana<\/strong> oggi stesso.<\/p>\n<p>&nbsp;<\/p>\n<h3>Esplora l&#8217;intera settimana al Toy Room<\/h3>\n<p>Dolce Vita \u00e8 solo l&#8217;inizio. Il Toy Room propone un concept unico ogni sera. Dopo l&#8217;Italia il luned\u00ec, scopri cosa ti riserviamo per il seguito. \ud83d\udc49 <strong><a href=\"https:\/\/maltafiesta.com\/it\/clubs\/toy-room-malta\/\">Tutta la programmazione Toy Room<\/a><\/strong><\/p>\n","protected":false},"excerpt":{"rendered":"<p><strong>L&#8217;Italia sbarca a Malta!<\/strong> Ogni luned\u00ec, vivi la <strong>Dolce Vita<\/strong> al Toy Room. 100% musica italiana, atmosfera elettrica e vibes mediterranee. <strong>Tariffe evolutive<\/strong>: prenota subito prima del Sold Out! \ud83e\udd0c<\/p>\n","protected":false},"featured_media":6272,"comment_status":"open","ping_status":"closed","template":"","meta":{"_acf_changed":false},"product_brand":[],"product_cat":[85],"product_tag":[],"party-type":[146],"music-style":[181,185,186],"class_list":{"0":"post-11976","1":"product","2":"type-product","3":"status-publish","4":"has-post-thumbnail","6":"product_cat-toy-room-malta","7":"party-type-live-show","8":"music-style-commerciali","9":"music-style-internazionale","10":"music-style-italiana","12":"first","13":"instock","14":"shipping-taxable","15":"product-type-external"},"acf":[],"_links":{"self":[{"href":"https:\/\/maltafiesta.com\/it\/wp-json\/wp\/v2\/product\/11976","targetHints":{"allow":["GET"]}}],"collection":[{"href":"https:\/\/maltafiesta.com\/it\/wp-json\/wp\/v2\/product"}],"about":[{"href":"https:\/\/maltafiesta.com\/it\/wp-json\/wp\/v2\/types\/product"}],"replies":[{"embeddable":true,"href":"https:\/\/maltafiesta.com\/it\/wp-json\/wp\/v2\/comments?post=11976"}],"wp:featuredmedia":[{"embeddable":true,"href":"https:\/\/maltafiesta.com\/it\/wp-json\/wp\/v2\/media\/6272"}],"wp:attachment":[{"href":"https:\/\/maltafiesta.com\/it\/wp-json\/wp\/v2\/media?parent=11976"}],"wp:term":[{"taxonomy":"product_brand","embeddable":true,"href":"https:\/\/maltafiesta.com\/it\/wp-json\/wp\/v2\/product_brand?post=11976"},{"taxonomy":"product_cat","embeddable":true,"href":"https:\/\/maltafiesta.com\/it\/wp-json\/wp\/v2\/product_cat?post=11976"},{"taxonomy":"product_tag","embeddable":true,"href":"https:\/\/maltafiesta.com\/it\/wp-json\/wp\/v2\/product_tag?post=11976"},{"taxonomy":"party-type","embeddable":true,"href":"https:\/\/maltafiesta.com\/it\/wp-json\/wp\/v2\/party-type?post=11976"},{"taxonomy":"music-style","embeddable":true,"href":"https:\/\/maltafiesta.com\/it\/wp-json\/wp\/v2\/music-style?post=11976"}],"curies":[{"name":"wp","href":"https:\/\/api.w.org\/{rel}","templated":true}]}}