{"id":12006,"date":"2026-03-20T16:22:28","date_gmt":"2026-03-20T15:22:28","guid":{"rendered":"https:\/\/maltafiesta.com\/?post_type=product&#038;p=12006"},"modified":"2026-05-08T17:31:18","modified_gmt":"2026-05-08T15:31:18","slug":"kaboom-thursday-toy-room","status":"publish","type":"product","link":"https:\/\/maltafiesta.com\/it\/eventi\/toy-room-malta\/kaboom-thursday-toy-room\/","title":{"rendered":"Kaboom del Gioved\u00ec \u2013 Toy Room"},"content":{"rendered":"<h2>Benvenuti alla Kaboom del Gioved\u00ec: Il nuovo fenomeno del Toy Room Malta<\/h2>\n<p>La vita notturna di Paceville fa un salto di qualit\u00e0. Ogni gioved\u00ec, il <strong>Toy Room Malta<\/strong> svela il suo nuovissimo concept: la <strong>Kaboom! Party<\/strong>. Dimentica il solito clubbing, questo \u00e8 uno spettacolo interattivo. Aspettati un <strong>lancio di palloncini<\/strong> mozzafiato, <strong>ballerine<\/strong> spettacolari e <strong>Frank the Bear<\/strong> a orchestrare il caos. Questa nuova esperienza del gioved\u00ec sera a <strong>St Julian&#8217;s<\/strong> \u00e8 pensata per essere colorata, rumorosa e del tutto imprevedibile.<\/p>\n<p>&nbsp;<\/p>\n<h3>Lo Show Definitivo: Palloncini, Beats e Follia<\/h3>\n<p>L&#8217;esperienza &#8220;Kaboom!&#8221; \u00e8 la nuova sensazione della movida maltese. \u00c8 uno show ad alta energia dove gli effetti visivi si mescolano alle migliori hit commerciali e internazionali. Con performance dal vivo e continue sorprese per tutta la notte, il club si trasforma in un immenso parco giochi. Essendo un <strong>nuovo concept di serata a Paceville<\/strong>, la curiosit\u00e0 \u00e8 altissima e la richiesta esplode. Se vuoi vivere l&#8217;evento del gioved\u00ec di cui tutti parlano, il <strong>Toy Room<\/strong> \u00e8 il posto giusto.<\/p>\n<p>&nbsp;<\/p>\n<h3>Tariffe Evolutive: Assicurati i biglietti prima che scoppi la mania!<\/h3>\n<p>Essendo la novit\u00e0 pi\u00f9 calda del <strong>programma del Toy Room Malta<\/strong>, si prevede che l&#8217;evento <strong>Kaboom del Gioved\u00ec<\/strong> vada sold out molto rapidamente. I biglietti partono da 20\u20ac, ma utilizziamo un modello di prezzi dinamico: man mano che l&#8217;evento si riempie, i prezzi saliranno. Non rischiare di perdere la nuova festa pi\u00f9 esplosiva dell&#8217;isola. Assicurati i biglietti online in anticipo e garantisciti l&#8217;ingresso nella follia.<\/p>\n<p>&nbsp;<\/p>\n<h3>Scopri tutto l&#8217;universo del Toy Room<\/h3>\n<p>Il Toy Room \u00e8 il club pi\u00f9 stiloso di St Julian&#8217;s. Dopo aver vissuto la magia di Kaboom!, non esitare a esplorare gli altri nostri concept settimanali. \ud83d\udc49 <strong><a href=\"https:\/\/maltafiesta.com\/it\/clubs\/toy-room-malta\/\">Vedi tutta la programmazione Toy Room<\/a><\/strong><\/p>\n","protected":false},"excerpt":{"rendered":"<p><strong>Il nuovissimo concept del gioved\u00ec!<\/strong> <strong>Kaboom!<\/strong> porta la follia al Toy Room Malta: lanci di palloncini, ballerine e show imprevedibili. Essendo un evento molto atteso, si riempir\u00e0 in fretta. <strong>Prenota subito!<\/strong> \ud83c\udf88\ud83d\udca5<\/p>\n","protected":false},"featured_media":11988,"comment_status":"open","ping_status":"closed","template":"","meta":{"_acf_changed":false},"product_brand":[],"product_cat":[85],"product_tag":[],"party-type":[146],"music-style":[181,185],"class_list":{"0":"post-12006","1":"product","2":"type-product","3":"status-publish","4":"has-post-thumbnail","6":"product_cat-toy-room-malta","7":"party-type-live-show","8":"music-style-commerciali","9":"music-style-internazionale","11":"first","12":"instock","13":"shipping-taxable","14":"product-type-external"},"acf":[],"_links":{"self":[{"href":"https:\/\/maltafiesta.com\/it\/wp-json\/wp\/v2\/product\/12006","targetHints":{"allow":["GET"]}}],"collection":[{"href":"https:\/\/maltafiesta.com\/it\/wp-json\/wp\/v2\/product"}],"about":[{"href":"https:\/\/maltafiesta.com\/it\/wp-json\/wp\/v2\/types\/product"}],"replies":[{"embeddable":true,"href":"https:\/\/maltafiesta.com\/it\/wp-json\/wp\/v2\/comments?post=12006"}],"wp:featuredmedia":[{"embeddable":true,"href":"https:\/\/maltafiesta.com\/it\/wp-json\/wp\/v2\/media\/11988"}],"wp:attachment":[{"href":"https:\/\/maltafiesta.com\/it\/wp-json\/wp\/v2\/media?parent=12006"}],"wp:term":[{"taxonomy":"product_brand","embeddable":true,"href":"https:\/\/maltafiesta.com\/it\/wp-json\/wp\/v2\/product_brand?post=12006"},{"taxonomy":"product_cat","embeddable":true,"href":"https:\/\/maltafiesta.com\/it\/wp-json\/wp\/v2\/product_cat?post=12006"},{"taxonomy":"product_tag","embeddable":true,"href":"https:\/\/maltafiesta.com\/it\/wp-json\/wp\/v2\/product_tag?post=12006"},{"taxonomy":"party-type","embeddable":true,"href":"https:\/\/maltafiesta.com\/it\/wp-json\/wp\/v2\/party-type?post=12006"},{"taxonomy":"music-style","embeddable":true,"href":"https:\/\/maltafiesta.com\/it\/wp-json\/wp\/v2\/music-style?post=12006"}],"curies":[{"name":"wp","href":"https:\/\/api.w.org\/{rel}","templated":true}]}}