{"id":12012,"date":"2026-03-20T16:22:47","date_gmt":"2026-03-20T15:22:47","guid":{"rendered":"https:\/\/maltafiesta.com\/?post_type=product&#038;p=12012"},"modified":"2026-04-17T18:10:24","modified_gmt":"2026-04-17T16:10:24","slug":"love-night-tuesday-toy-room","status":"publish","type":"product","link":"https:\/\/maltafiesta.com\/it\/eventi\/toy-room-malta\/love-night-tuesday-toy-room\/","title":{"rendered":"Love Night del Marted\u00ec \u2013 Toy Room Malta"},"content":{"rendered":"<h2>Accendi la tua settimana con la Love Night del Marted\u00ec al Toy Room Malta<\/h2>\n<p>Chi ha detto che bisogna aspettare il fine settimana per fare festa? Il <strong>Toy Room Malta<\/strong> distrugge la noia infrasettimanale ogni marted\u00ec con l&#8217;esplosiva <strong>Love Night<\/strong>. \u00c8 il ritrovo definitivo per studenti e turisti a Paceville. Prendi un braccialetto colorato all&#8217;ingresso per dichiarare il tuo stato sentimentale e tuffati in una notte di giochi maliziosi. Con i top DJ che mixano hit urbane e reggaeton, e <strong>Frank the Bear<\/strong> a caricare la folla, il marted\u00ec non \u00e8 mai stato cos\u00ec intenso.<\/p>\n<p>&nbsp;<\/p>\n<h3>Il rompighiaccio definitivo di met\u00e0 settimana<\/h3>\n<p>La Love Night \u00e8 famosa per la sua atmosfera ultra-sociale. Il semplice sistema dei braccialetti\u2014verde per single, giallo per forse, rosso per impegnato\u2014elimina ogni dubbio quando si conoscono nuove persone. \u00c8 la fuga perfetta del marted\u00ec sera per chiunque voglia flirtare, ballare e connettersi senza la ressa del weekend. Se vuoi spezzare la settimana con una serata divertente e provocante, il <strong>Toy Room<\/strong> ti aspetta.<\/p>\n<p>&nbsp;<\/p>\n<h3>Scopri tutto l&#8217;universo del Toy Room<\/h3>\n<p>Vivi l&#8217;esperienza di clubbing pi\u00f9 sociale dell&#8217;isola. \ud83d\udc49 <strong><a href=\"https:\/\/maltafiesta.com\/it\/clubs\/toy-room-malta\/\">Scopri l&#8217;universo completo del Toy Room<\/a><\/strong><\/p>\n","protected":false},"excerpt":{"rendered":"<p><strong>Rompi la routine della settimana!<\/strong> I marted\u00ec si infiammano con la <strong>Love Night<\/strong> al Toy Room. Prendi il tuo braccialetto, metti da parte le inibizioni e goditi la migliore festa per single di Paceville. \ud83d\udc98\ud83d\udd25<\/p>\n","protected":false},"featured_media":11991,"comment_status":"open","ping_status":"closed","template":"","meta":{"_acf_changed":false},"product_brand":[],"product_cat":[85],"product_tag":[],"party-type":[146],"music-style":[181,185],"class_list":{"0":"post-12012","1":"product","2":"type-product","3":"status-publish","4":"has-post-thumbnail","6":"product_cat-toy-room-malta","7":"party-type-live-show","8":"music-style-commerciali","9":"music-style-internazionale","11":"first","12":"instock","13":"shipping-taxable","14":"product-type-external"},"acf":[],"_links":{"self":[{"href":"https:\/\/maltafiesta.com\/it\/wp-json\/wp\/v2\/product\/12012","targetHints":{"allow":["GET"]}}],"collection":[{"href":"https:\/\/maltafiesta.com\/it\/wp-json\/wp\/v2\/product"}],"about":[{"href":"https:\/\/maltafiesta.com\/it\/wp-json\/wp\/v2\/types\/product"}],"replies":[{"embeddable":true,"href":"https:\/\/maltafiesta.com\/it\/wp-json\/wp\/v2\/comments?post=12012"}],"wp:featuredmedia":[{"embeddable":true,"href":"https:\/\/maltafiesta.com\/it\/wp-json\/wp\/v2\/media\/11991"}],"wp:attachment":[{"href":"https:\/\/maltafiesta.com\/it\/wp-json\/wp\/v2\/media?parent=12012"}],"wp:term":[{"taxonomy":"product_brand","embeddable":true,"href":"https:\/\/maltafiesta.com\/it\/wp-json\/wp\/v2\/product_brand?post=12012"},{"taxonomy":"product_cat","embeddable":true,"href":"https:\/\/maltafiesta.com\/it\/wp-json\/wp\/v2\/product_cat?post=12012"},{"taxonomy":"product_tag","embeddable":true,"href":"https:\/\/maltafiesta.com\/it\/wp-json\/wp\/v2\/product_tag?post=12012"},{"taxonomy":"party-type","embeddable":true,"href":"https:\/\/maltafiesta.com\/it\/wp-json\/wp\/v2\/party-type?post=12012"},{"taxonomy":"music-style","embeddable":true,"href":"https:\/\/maltafiesta.com\/it\/wp-json\/wp\/v2\/music-style?post=12012"}],"curies":[{"name":"wp","href":"https:\/\/api.w.org\/{rel}","templated":true}]}}