{"id":12015,"date":"2026-03-20T16:23:11","date_gmt":"2026-03-20T15:23:11","guid":{"rendered":"https:\/\/maltafiesta.com\/?post_type=product&#038;p=12015"},"modified":"2026-04-17T18:10:24","modified_gmt":"2026-04-17T16:10:24","slug":"wild-west-saturdays-toy-room","status":"publish","type":"product","link":"https:\/\/maltafiesta.com\/it\/eventi\/toy-room-malta\/wild-west-saturdays-toy-room\/","title":{"rendered":"Wild West del Sabato \u2013 Toy Room Malta"},"content":{"rendered":"<h2>Benvenuti al nuovissimo concept Wild West del Sabato al Toy Room Malta<\/h2>\n<p>La vita notturna di Paceville fa un enorme salto di qualit\u00e0. Ogni sabato, il <strong>Toy Room Malta<\/strong> svela il suo nuovo e attesissimo concept: la <strong>Wild West Party<\/strong>. Dimentica il solito clubbing del weekend, questo \u00e8 uno spettacolo immersivo e interattivo. Aspettati audaci visual a tema cowboy, splendide ballerine professioniste e <strong>Frank the Bear<\/strong> a orchestrare il caos del saloon. Questa nuova esperienza del sabato sera a <strong>St Julian&#8217;s<\/strong> \u00e8 pensata per essere selvaggia, rumorosa e completamente indimenticabile.<\/p>\n<p>&nbsp;<\/p>\n<h3>L&#8217;Esperienza Saloon Definitiva: In sella per la follia<\/h3>\n<p>Il concept &#8220;Wild West&#8221; \u00e8 la nuova sensazione della movida maltese. \u00c8 uno show ad alta energia in cui l&#8217;arredamento western immersivo si fonde con le migliori hit commerciali e internazionali. Con performance a tema dal vivo e continue sorprese per tutta la notte, il club si trasforma in un immenso parco giochi. Trattandosi di un <strong>nuovo concept di serata a Paceville<\/strong>, la curiosit\u00e0 \u00e8 altissima e la richiesta esplode. Se vuoi vivere l&#8217;evento del sabato di cui tutti parlano, il <strong>Toy Room<\/strong> \u00e8 l&#8217;unico posto in cui stare.<\/p>\n<p>&nbsp;<\/p>\n<h3>Tariffe Evolutive: Assicurati i biglietti prima che scoppi la mania!<\/h3>\n<p>Essendo la novit\u00e0 pi\u00f9 calda del <strong>programma del weekend al Toy Room Malta<\/strong>, si prevede che l&#8217;evento <strong>Wild West del Sabato<\/strong> vada sold out molto rapidamente. Il sabato \u00e8 gi\u00e0 la serata pi\u00f9 importante della settimana e questo nuovo tema porta l&#8217;entusiasmo a un altro livello. I biglietti partono da 25\u20ac, ma utilizziamo un modello di prezzi dinamico: man mano che il locale si riempie, i prezzi saliranno. Non rischiare di perdere la nuova festa pi\u00f9 esplosiva dell&#8217;isola. Assicurati i biglietti online in anticipo, garantisciti l&#8217;ingresso e salta le code infinite alla porta.<\/p>\n<p>&nbsp;<\/p>\n<h3>Scopri tutto l&#8217;universo del Toy Room<\/h3>\n<p>Il Toy Room \u00e8 il club pi\u00f9 stiloso di St Julian&#8217;s. Dopo aver vissuto la magia del Wild West, non esitare a esplorare gli altri nostri concept settimanali. \ud83d\udc49 <strong><a href=\"https:\/\/maltafiesta.com\/it\/clubs\/toy-room-malta\/\">Vedi tutta la programmazione Toy Room<\/a><\/strong><\/p>\n","protected":false},"excerpt":{"rendered":"<p><strong>Il nuovissimo concept del sabato!<\/strong> <strong>Wild West<\/strong> porta la follia al Toy Room Malta: atmosfera da saloon, show di cowboy e ballerine. Essendo un evento molto atteso, si riempir\u00e0 in fretta. <strong>Prenota subito!<\/strong> \ud83e\udd20\ud83d\udc0e<\/p>\n","protected":false},"featured_media":11997,"comment_status":"open","ping_status":"closed","template":"","meta":{"_acf_changed":false},"product_brand":[],"product_cat":[85],"product_tag":[],"party-type":[146],"music-style":[181,185],"class_list":{"0":"post-12015","1":"product","2":"type-product","3":"status-publish","4":"has-post-thumbnail","6":"product_cat-toy-room-malta","7":"party-type-live-show","8":"music-style-commerciali","9":"music-style-internazionale","11":"first","12":"instock","13":"shipping-taxable","14":"product-type-external"},"acf":[],"_links":{"self":[{"href":"https:\/\/maltafiesta.com\/it\/wp-json\/wp\/v2\/product\/12015","targetHints":{"allow":["GET"]}}],"collection":[{"href":"https:\/\/maltafiesta.com\/it\/wp-json\/wp\/v2\/product"}],"about":[{"href":"https:\/\/maltafiesta.com\/it\/wp-json\/wp\/v2\/types\/product"}],"replies":[{"embeddable":true,"href":"https:\/\/maltafiesta.com\/it\/wp-json\/wp\/v2\/comments?post=12015"}],"wp:featuredmedia":[{"embeddable":true,"href":"https:\/\/maltafiesta.com\/it\/wp-json\/wp\/v2\/media\/11997"}],"wp:attachment":[{"href":"https:\/\/maltafiesta.com\/it\/wp-json\/wp\/v2\/media?parent=12015"}],"wp:term":[{"taxonomy":"product_brand","embeddable":true,"href":"https:\/\/maltafiesta.com\/it\/wp-json\/wp\/v2\/product_brand?post=12015"},{"taxonomy":"product_cat","embeddable":true,"href":"https:\/\/maltafiesta.com\/it\/wp-json\/wp\/v2\/product_cat?post=12015"},{"taxonomy":"product_tag","embeddable":true,"href":"https:\/\/maltafiesta.com\/it\/wp-json\/wp\/v2\/product_tag?post=12015"},{"taxonomy":"party-type","embeddable":true,"href":"https:\/\/maltafiesta.com\/it\/wp-json\/wp\/v2\/party-type?post=12015"},{"taxonomy":"music-style","embeddable":true,"href":"https:\/\/maltafiesta.com\/it\/wp-json\/wp\/v2\/music-style?post=12015"}],"curies":[{"name":"wp","href":"https:\/\/api.w.org\/{rel}","templated":true}]}}