{"id":13353,"date":"2026-04-17T17:14:21","date_gmt":"2026-04-17T15:14:21","guid":{"rendered":"https:\/\/maltafiesta.com\/events\/senza-categoria\/white-pool-party-toy-room-beach-club\/"},"modified":"2026-04-17T18:21:38","modified_gmt":"2026-04-17T16:21:38","slug":"white-pool-party-toy-room-beach-club","status":"publish","type":"product","link":"https:\/\/maltafiesta.com\/it\/eventi\/toy-room-beach-club-malta\/white-pool-party-toy-room-beach-club\/","title":{"rendered":"White Pool Party \u2013 Toy Room Beach Club Malta"},"content":{"rendered":"<h2>L&#8217;Ultimo Rituale del Mercoled\u00ec: White Pool Party al Toy Room Beach Club Malta<\/h2>\n<p>La maggior parte dei mercoled\u00ec sono ordinari. Al <strong>Toy Room Beach Club Malta<\/strong>, i mercoled\u00ec sono leggendari. La <strong>White Pool Party<\/strong> \u00e8 l&#8217;evento diurno pi\u00f9 spettacolare dell&#8217;isola, che fonde perfettamente l&#8217;estetica chic dell&#8217; &#8220;All White&#8221; con l&#8217;energia pura e sfrenata di un beach club premium. Dalle 11:00, l&#8217;intera struttura si trasforma in un mare di bianco in contrasto con il blu vibrante del Mediterraneo. \u00c8 un viaggio di 9 ore all&#8217;insegna dell&#8217;eleganza, dell&#8217;eccesso e dell&#8217;intrattenimento di livello mondiale direttamente sul Tign\u00e9 Seafront. Mentre gli altri si stanno appena svegliando, tu stai gi\u00e0 entrando nell&#8217;esperienza diurna pi\u00f9 esclusiva di Malta.<\/p>\n<p>&nbsp;<\/p>\n<h2>L&#8217;Esperienza &#8220;All White&#8221;: Un Capolavoro Visivo<\/h2>\n<p>Perch\u00e9 un rigoroso dress code bianco? Perch\u00e9 cambia tutto. Quando 1.000 festaioli abbracciano il tema All-White, l&#8217;atmosfera si eleva all&#8217;istante. Ci si sente in un ambiente esclusivo, premium e incredibilmente fotogenico. Non stai solo partecipando a una festa; diventi parte dell&#8217;estetica. Che tu ti stia rilassando su un lettino VIP con una bottiglia di champagne o ballando con l&#8217;acqua alle ginocchia in piscina, la <strong>White Pool Party al Toy Room Beach Club Malta<\/strong> offre quella perfetta atmosfera da day clubbing in stile Ibiza proprio nel cuore di Sliema. Il contrasto degli outfit bianchi immacolati contro la piscina inondata di sole \u00e8 qualcosa che devi vedere per crederci.<\/p>\n<p>&nbsp;<\/p>\n<h2>Cosa Succede alla White Party \u2014 Toy Room Beach Club Malta<\/h2>\n<p>La transizione da una mattinata rilassante baciata dal sole a un pomeriggio selvaggio \u00e8 fluida. Ecco cosa rende imperdibile questa day pool party del mercoled\u00ec:<\/p>\n<ul>\n<li>\ud83c\udfa7 <strong>Viaggio Musicale Curato<\/strong>: 9 ore di beat ininterrotti, partendo da vibrazioni chill house melodiche fino a crescere verso inni club e commerciali al tramonto.<\/li>\n<li>\ud83e\udd0d <strong>Rigoroso Dress Code All-White<\/strong>: Un&#8217;estetica obbligatoria che unisce la folla e crea la pista da ballo pi\u00f9 stilosa di Malta.<\/li>\n<li>\ud83d\udc3b <strong>Frank l&#8217;Orso<\/strong>: L&#8217;iconica mascotte del Toy Room non si perde un mercoled\u00ec, portando il suo caos organizzato e momenti perfetti per le foto a bordo piscina.<\/li>\n<li>\ud83d\udc83 <strong>Intrattenimento dal Vivo e Ballerini<\/strong>: Performer professionisti che elevano l&#8217;energia per tutto il pomeriggio.<\/li>\n<li>\ud83c\udf7e <strong>Servizio VIP Premium<\/strong>: Servizio al tavolo dedicato, morbidi lettini VIP e tavoli VVIP per chi vuole vivere la festa come un re.<\/li>\n<\/ul>\n<p>&nbsp;<\/p>\n<h2>Per Chi \u00e8 la White Party al Toy Room Beach Club?<\/h2>\n<p>Questo evento attira un pubblico alla moda e pieno di energia. \u00c8 la destinazione finale per gruppi in vacanza, feste di compleanno e viaggiatori alla ricerca di un&#8217;esperienza diurna di alto livello senza pretese. Se vuoi indossare il tuo miglior costume bianco, sorseggiare cocktail d&#8217;autore e ballare sotto il sole senza aspettare mezzanotte, questo \u00e8 il tuo posto. Arriva presto per assicurarti il tuo spazio, e lascia che questo lasso di tempo dalle 11:00 alle 20:00 ti regali il giorno pi\u00f9 bello della tua vacanza, lasciandoti la serata completamente libera.<\/p>\n<p>&nbsp;<\/p>\n<h2>Assicurati il Tuo Posto in Bianco<\/h2>\n<p>Non perderti la day party pi\u00f9 elegante della settimana. \ud83d\udc49 <strong><a href=\"https:\/\/maltafiesta.com\/it\/clubs\/toy-room-beach-club-malta\/\">Esplora tutti gli eventi al Toy Room Beach Club Malta<\/a><\/strong><\/p>\n","protected":false},"excerpt":{"rendered":"<p><strong>L&#8217;appuntamento pi\u00f9 stiloso del mercoled\u00ec \u2014 dalle 11:00 alle 20:00.<\/strong> Unisciti alla <strong>White Pool Party<\/strong> al <strong>Toy Room Beach Club Malta<\/strong>. Immagina: un dress code rigorosamente total white, una piscina scintillante che riflette il sole del Mediterraneo e il miglior sound clubbing. Sfoggia il tuo look migliore; Frank ti aspetta per trasformare un pomeriggio chic in una giornata 100% elegante e selvaggia. \ud83e\udd0d\ud83c\udf0a<\/p>\n","protected":false},"featured_media":13341,"comment_status":"open","ping_status":"closed","template":"","meta":{"_acf_changed":false},"product_brand":[],"product_cat":[102],"product_tag":[],"party-type":[142,149,153],"music-style":[180,181,183,184,185,187],"class_list":{"0":"post-13353","1":"product","2":"type-product","3":"status-publish","4":"has-post-thumbnail","6":"product_cat-toy-room-beach-club-malta","7":"party-type-beach-club","8":"party-type-pool-party","9":"party-type-white-party","10":"music-style-afro","11":"music-style-commerciali","12":"music-style-hip-hop","13":"music-style-house","14":"music-style-internazionale","15":"music-style-reggaeton","17":"first","18":"instock","19":"shipping-taxable","20":"product-type-external"},"acf":[],"_links":{"self":[{"href":"https:\/\/maltafiesta.com\/it\/wp-json\/wp\/v2\/product\/13353","targetHints":{"allow":["GET"]}}],"collection":[{"href":"https:\/\/maltafiesta.com\/it\/wp-json\/wp\/v2\/product"}],"about":[{"href":"https:\/\/maltafiesta.com\/it\/wp-json\/wp\/v2\/types\/product"}],"replies":[{"embeddable":true,"href":"https:\/\/maltafiesta.com\/it\/wp-json\/wp\/v2\/comments?post=13353"}],"wp:featuredmedia":[{"embeddable":true,"href":"https:\/\/maltafiesta.com\/it\/wp-json\/wp\/v2\/media\/13341"}],"wp:attachment":[{"href":"https:\/\/maltafiesta.com\/it\/wp-json\/wp\/v2\/media?parent=13353"}],"wp:term":[{"taxonomy":"product_brand","embeddable":true,"href":"https:\/\/maltafiesta.com\/it\/wp-json\/wp\/v2\/product_brand?post=13353"},{"taxonomy":"product_cat","embeddable":true,"href":"https:\/\/maltafiesta.com\/it\/wp-json\/wp\/v2\/product_cat?post=13353"},{"taxonomy":"product_tag","embeddable":true,"href":"https:\/\/maltafiesta.com\/it\/wp-json\/wp\/v2\/product_tag?post=13353"},{"taxonomy":"party-type","embeddable":true,"href":"https:\/\/maltafiesta.com\/it\/wp-json\/wp\/v2\/party-type?post=13353"},{"taxonomy":"music-style","embeddable":true,"href":"https:\/\/maltafiesta.com\/it\/wp-json\/wp\/v2\/music-style?post=13353"}],"curies":[{"name":"wp","href":"https:\/\/api.w.org\/{rel}","templated":true}]}}